{"id":503,"date":"2016-06-28T16:10:35","date_gmt":"2016-06-28T16:10:35","guid":{"rendered":"http:\/\/projecttransformation.org\/north-texas\/?page_id=503"},"modified":"2022-04-06T10:46:18","modified_gmt":"2022-04-06T15:46:18","slug":"elementary-program","status":"publish","type":"page","link":"https:\/\/projecttransformation.org\/north-texas\/our-programs\/elementary-program","title":{"rendered":"Elementary Program"},"content":{"rendered":"<p><b>Summer\/Verano<\/b><\/p>\n<p><span style=\"font-weight: 400\">Project Transformation operates eight-week summer literacy programs serving children in neighborhoods throughout North Texas. The programs for children grades 1-5 focus on enriching mind and body with an emphasis on literacy. Each day, children read one-on-one with community volunteers and participate in activity-based literacy intervention. Children also participate in daily enrichment activities including recreational play and exercise, creative arts, and interaction with our young adults and community volunteers, who inspire and encourage youth daily to make responsible, sound decisions.<\/span><\/p>\n<p><span style=\"font-weight: 400\">Project Transformation opera programas de alfabetizaci\u00f3n de verano de ocho semanas que sirven a ni\u00f1os en vecindarios del norte de Texas. Los programas para ni\u00f1os en los grados 1-5 se enfocan en enriquecer la mente y el cuerpo con \u00e9nfasis en la alfabetizaci\u00f3n. Cada d\u00eda, los ni\u00f1os leen uno a uno con voluntarios de la comunidad y participan en una intervenci\u00f3n de alfabetizaci\u00f3n basada en actividades. Los ni\u00f1os tambi\u00e9n participan en actividades diarias de enriquecimiento, incluyendo juegos y ejercicios recreativos, artes creativas e interacci\u00f3n con nuestros j\u00f3venes adultos y voluntarios de la comunidad, quienes inspiran y alientan a los j\u00f3venes diariamente a tomar decisiones responsables y s\u00f3lidas.<\/span><\/p>\n<p>&nbsp;<\/p>\n<p><b>Afterschool\/Extraescolar<\/b><\/p>\n<p><span style=\"font-weight: 400\">Project Transformation\u2019s afterschool program serves children grades 1-5. Children participate in daily enrichment activities including homework assistance, art enrichment, science and math exploration, healthy decision-making and nutrition education. Daily activities aim to address any deficiencies, while building a love for reading and desire to be life-long learners.<\/span><\/p>\n<p><span style=\"font-weight: 400\">El programa despu\u00e9s de clases del Proyecto Transformaci\u00f3n sirve a los ni\u00f1os de los grados 1-5. Los ni\u00f1os participan en actividades diarias de enriquecimiento, incluyendo asistencia en tareas escolares, enriquecimiento art\u00edstico, exploraci\u00f3n de ciencias y matem\u00e1ticas, toma de decisiones saludable y educaci\u00f3n nutricional. Las actividades diarias tienen como objetivo abordar cualquier deficiencia, mientras se construye un amor por la lectura y el deseo de ser aprendices de por vida.<\/span><\/p>\n<p>&nbsp;<\/p>\n<p><a href=\"http:\/\/projecttransformation.org\/north-texas\/our-programs\/site-locations\">Site Locations<\/a><\/p>\n","protected":false},"excerpt":{"rendered":"<p>Summer\/Verano Project Transformation operates eight-week summer literacy programs serving children in neighborhoods throughout North Texas. The programs for children grades 1-5 focus on enriching mind and body with an emphasis on literacy. Each day, children read one-on-one with community volunteers and participate in activity-based literacy intervention. Children also participate in daily enrichment activities including recreational [&hellip;]<\/p>\n","protected":false},"author":1,"featured_media":0,"parent":155,"menu_order":0,"comment_status":"closed","ping_status":"closed","template":"","meta":{"footnotes":""},"acf":[],"_links":{"self":[{"href":"https:\/\/projecttransformation.org\/north-texas\/wp-json\/wp\/v2\/pages\/503"}],"collection":[{"href":"https:\/\/projecttransformation.org\/north-texas\/wp-json\/wp\/v2\/pages"}],"about":[{"href":"https:\/\/projecttransformation.org\/north-texas\/wp-json\/wp\/v2\/types\/page"}],"author":[{"embeddable":true,"href":"https:\/\/projecttransformation.org\/north-texas\/wp-json\/wp\/v2\/users\/1"}],"replies":[{"embeddable":true,"href":"https:\/\/projecttransformation.org\/north-texas\/wp-json\/wp\/v2\/comments?post=503"}],"version-history":[{"count":17,"href":"https:\/\/projecttransformation.org\/north-texas\/wp-json\/wp\/v2\/pages\/503\/revisions"}],"predecessor-version":[{"id":5984,"href":"https:\/\/projecttransformation.org\/north-texas\/wp-json\/wp\/v2\/pages\/503\/revisions\/5984"}],"up":[{"embeddable":true,"href":"https:\/\/projecttransformation.org\/north-texas\/wp-json\/wp\/v2\/pages\/155"}],"wp:attachment":[{"href":"https:\/\/projecttransformation.org\/north-texas\/wp-json\/wp\/v2\/media?parent=503"}],"curies":[{"name":"wp","href":"https:\/\/api.w.org\/{rel}","templated":true}]}}