{"id":506,"date":"2016-06-28T16:12:05","date_gmt":"2016-06-28T16:12:05","guid":{"rendered":"http:\/\/projecttransformation.org\/north-texas\/?page_id=506"},"modified":"2022-04-06T10:48:05","modified_gmt":"2022-04-06T15:48:05","slug":"middle-school-program","status":"publish","type":"page","link":"https:\/\/projecttransformation.org\/north-texas\/our-programs\/middle-school-program","title":{"rendered":"Middle School Program"},"content":{"rendered":"<p><span style=\"font-weight: 400\">As children age out of the elementary program, Project Transformation North Texas offers a youth program in the summer for students entering grades 6-9. The youth program is comprised of an 8-week day camp and a one-week overnight skills development camp, called Urban Camp. The summer program for youth is designed thematically, for a holistic learning experience to include book club discussions, athletic skills development, service projects, career exposure, and T.A.G. (Talk About God).<\/span><\/p>\n<p><span style=\"font-weight: 400\">A medida que los ni\u00f1os envejecen fuera del programa de primaria, Project Transformation North Texas ofrece un programa juvenil en el verano para los estudiantes que ingresan a los grados 6-9. El programa de j\u00f3venes est\u00e1 compuesto por un campamento de 8 semanas de duraci\u00f3n y un campamento de una semana de desarrollo de habilidades nocturnas, llamado Campamento Urbano. El programa de verano para j\u00f3venes est\u00e1 dise\u00f1ado tem\u00e1ticamente, para una experiencia de aprendizaje hol\u00edstica que incluye discusiones del club de libros, desarrollo de habilidades atl\u00e9ticas, proyectos de servicio, exposici\u00f3n profesional, y T.A.G. (Habla de Dios).<\/span><\/p>\n<p><a href=\"http:\/\/projecttransformation.org\/north-texas\/our-programs\/site-locations\">Site Locations<\/a><\/p>\n<p><span style=\"font-weight: 400\">At the end of the summer, youth attend Urban Camp, the culmination of the entire summer experience where the PT Corps Members become their camp counselors. For many of the youth, this overnight camping experience is their first time away from home, and it ends up making a significant impact in their lives. Urban Camp is geared teambuilding and skill development, and each youth is provided with a chance to succeed. Activities include horseback riding, archery, dance, mountain biking, high and low ropes challenge course, art, music, swimming, volleyball, football, basketball, fishing, and much more.<\/span><\/p>\n<p><span style=\"font-weight: 400\">Al final del verano, los j\u00f3venes asisten al Campamento Urbano, la culminaci\u00f3n de toda la experiencia del verano, donde los miembros del PT Corps se convierten en sus consejeros del campamento. Para muchos de los j\u00f3venes, esta experiencia de campamento nocturno es su primera vez lejos de casa, y termina haciendo un impacto significativo en sus vidas. El Campamento Urbano est\u00e1 orientado a la construcci\u00f3n de equipos y el desarrollo de habilidades, y cada joven tiene la oportunidad de tener \u00e9xito. Las actividades incluyen paseos a caballo, tiro con arco, danza, ciclismo de monta\u00f1a, curso de desaf\u00edo de cuerdas altas y bajas, arte, m\u00fasica, nataci\u00f3n, voleibol, f\u00fatbol, baloncesto, pesca y mucho m\u00e1s.<\/span><\/p>\n<p>&nbsp;<\/p>\n","protected":false},"excerpt":{"rendered":"<p>As children age out of the elementary program, Project Transformation North Texas offers a youth program in the summer for students entering grades 6-9. The youth program is comprised of an 8-week day camp and a one-week overnight skills development camp, called Urban Camp. The summer program for youth is designed thematically, for a holistic [&hellip;]<\/p>\n","protected":false},"author":1,"featured_media":0,"parent":155,"menu_order":0,"comment_status":"closed","ping_status":"closed","template":"","meta":{"footnotes":""},"acf":[],"_links":{"self":[{"href":"https:\/\/projecttransformation.org\/north-texas\/wp-json\/wp\/v2\/pages\/506"}],"collection":[{"href":"https:\/\/projecttransformation.org\/north-texas\/wp-json\/wp\/v2\/pages"}],"about":[{"href":"https:\/\/projecttransformation.org\/north-texas\/wp-json\/wp\/v2\/types\/page"}],"author":[{"embeddable":true,"href":"https:\/\/projecttransformation.org\/north-texas\/wp-json\/wp\/v2\/users\/1"}],"replies":[{"embeddable":true,"href":"https:\/\/projecttransformation.org\/north-texas\/wp-json\/wp\/v2\/comments?post=506"}],"version-history":[{"count":11,"href":"https:\/\/projecttransformation.org\/north-texas\/wp-json\/wp\/v2\/pages\/506\/revisions"}],"predecessor-version":[{"id":4555,"href":"https:\/\/projecttransformation.org\/north-texas\/wp-json\/wp\/v2\/pages\/506\/revisions\/4555"}],"up":[{"embeddable":true,"href":"https:\/\/projecttransformation.org\/north-texas\/wp-json\/wp\/v2\/pages\/155"}],"wp:attachment":[{"href":"https:\/\/projecttransformation.org\/north-texas\/wp-json\/wp\/v2\/media?parent=506"}],"curies":[{"name":"wp","href":"https:\/\/api.w.org\/{rel}","templated":true}]}}