{"id":510,"date":"2016-06-28T16:16:02","date_gmt":"2016-06-28T16:16:02","guid":{"rendered":"http:\/\/projecttransformation.org\/north-texas\/?page_id=510"},"modified":"2025-09-30T11:05:24","modified_gmt":"2025-09-30T16:05:24","slug":"high-school-program","status":"publish","type":"page","link":"https:\/\/projecttransformation.org\/north-texas\/our-programs\/high-school-program","title":{"rendered":"High School LITE Program"},"content":{"rendered":"<p><span style=\"font-weight: 400\">As youth age out of the middle school program, a growing number of high school continue to participate in Project Transformation\u2019s summer LITE (Leaders in Training Experience) program. High school students can apply to serve as LITEs each summer, volunteering to read with younger children and assisting with other day camp activities. The LITE program occurs concurrently with Project Transformation\u2019s elementary and youth eight-week summer day camp programs.<\/span><\/p>\n<p><span style=\"font-weight: 400\">A medida que los j\u00f3venes envejecen fuera del programa de la escuela media, un n\u00famero creciente de la escuela secundaria contin\u00faa participando en el programa de verano LITE (L\u00edderes en Experiencia de Capacitaci\u00f3n) del Proyecto Transformaci\u00f3n. Los estudiantes de secundaria pueden solicitar servir como Lites cada verano, ofrecerse voluntariamente a leer con ni\u00f1os m\u00e1s peque\u00f1os y asistir con otras actividades de campamento diurnas. El programa LITE ocurre al mismo tiempo que los programas de campamento de ocho semanas de verano de ocho d\u00edas de primaria y juventud de Project Transformation.<\/span><\/p>\n<p>&nbsp;<\/p>\n<p><span style=\"font-weight: 400\">Project Transformation is always looking for volunteers to participate in our LITE program as guest presenters. If you are interested in sharing about your profession or offering college\/career advice to our high school participants, please contact Isaiah <a href=\"mailto:mcdaniels@ptnorthtexas.org\">(Zai) McDaniels, Program Manager<\/a><\/span><\/p>\n<p><span style=\"font-weight: 400\">Project Transformation siempre est\u00e1 buscando voluntarios para participar en nuestro programa LITE como presentadores invitados. Si usted est\u00e1 interesado en compartir acerca de su profesi\u00f3n u ofrecer consejos de universidad\/carrera a nuestros participantes de la escuela secundaria, por favor comun\u00edquese con <a href=\"mailto:mcdaniels@ptnorthtexas.org\">Isaiah (Zai) McDaniels, Gerente de Programa<\/a>.<\/span><\/p>\n<p><a href=\"http:\/\/projecttransformation.org\/north-texas\/our-programs\/site-locations\">Site Locations \/ <span style=\"font-weight: 400\">Ubicaciones del sitio<\/span><\/a><\/p>\n","protected":false},"excerpt":{"rendered":"<p>As youth age out of the middle school program, a growing number of high school continue to participate in Project Transformation\u2019s summer LITE (Leaders in Training Experience) program. High school students can apply to serve as LITEs each summer, volunteering to read with younger children and assisting with other day camp activities. The LITE program [&hellip;]<\/p>\n","protected":false},"author":1,"featured_media":0,"parent":155,"menu_order":0,"comment_status":"closed","ping_status":"closed","template":"","meta":{"footnotes":""},"acf":[],"_links":{"self":[{"href":"https:\/\/projecttransformation.org\/north-texas\/wp-json\/wp\/v2\/pages\/510"}],"collection":[{"href":"https:\/\/projecttransformation.org\/north-texas\/wp-json\/wp\/v2\/pages"}],"about":[{"href":"https:\/\/projecttransformation.org\/north-texas\/wp-json\/wp\/v2\/types\/page"}],"author":[{"embeddable":true,"href":"https:\/\/projecttransformation.org\/north-texas\/wp-json\/wp\/v2\/users\/1"}],"replies":[{"embeddable":true,"href":"https:\/\/projecttransformation.org\/north-texas\/wp-json\/wp\/v2\/comments?post=510"}],"version-history":[{"count":15,"href":"https:\/\/projecttransformation.org\/north-texas\/wp-json\/wp\/v2\/pages\/510\/revisions"}],"predecessor-version":[{"id":6556,"href":"https:\/\/projecttransformation.org\/north-texas\/wp-json\/wp\/v2\/pages\/510\/revisions\/6556"}],"up":[{"embeddable":true,"href":"https:\/\/projecttransformation.org\/north-texas\/wp-json\/wp\/v2\/pages\/155"}],"wp:attachment":[{"href":"https:\/\/projecttransformation.org\/north-texas\/wp-json\/wp\/v2\/media?parent=510"}],"curies":[{"name":"wp","href":"https:\/\/api.w.org\/{rel}","templated":true}]}}