{"id":6377,"date":"2024-09-09T12:31:57","date_gmt":"2024-09-09T17:31:57","guid":{"rendered":"https:\/\/projecttransformation.org\/north-texas\/?page_id=6377"},"modified":"2025-07-30T09:01:38","modified_gmt":"2025-07-30T14:01:38","slug":"afterschool","status":"publish","type":"page","link":"https:\/\/projecttransformation.org\/north-texas\/afterschool","title":{"rendered":"Afterschool Program"},"content":{"rendered":"<h2>AFTERSCHOOL PROGRAM 2025-2026<\/h2>\n<p><span style=\"font-weight: 400\">Project Transformation North Texas\u2019 Afterschool Program will take place from September 9- April 30! Program is Monday-Thursday and runs from 3:30 p.m. &#8211; 6:00 p.m. This year we will be at 3 locations across Dallas.<\/span><\/p>\n<p><span style=\"font-weight: 400\">\u00a1El programa despu\u00e9s de escuela de Project Transformation North Texas ser\u00e1 el 9 de septiembre al 30 de Abril! Programa es lunes a jueves a las 3:30 p.m. &#8211; 6:00 p.m. Este a\u00f1o estarenos en 3 ubicaciones en Dallas.<\/span><\/p>\n<ul class=\"p-rich_text_list p-rich_text_list__bullet\" data-stringify-type=\"unordered-list\" data-indent=\"0\" data-border=\"0\">\n<li data-stringify-indent=\"0\" data-stringify-border=\"0\"><b data-stringify-type=\"bold\">Chapel Hill Prep<\/b>\u00a0&#8211;\u00a0<a class=\"c-link\" href=\"https:\/\/www.google.com\/maps\/place\/Chapel+Hill+Preparatory+School\/@32.9187817,-96.8656329,15z\/data=!4m2!3m1!1s0x0:0xffbe2362659c625d?sa=X&amp;ved=1t:2428&amp;ictx=111\" target=\"_blank\" rel=\"noopener noreferrer\" data-stringify-link=\"https:\/\/maps.app.goo.gl\/vpYaEDyHjCNUXeVV9\" data-sk=\"tooltip_parent\">12701 Templeton Trail, Farmers Branch, TX 75234<\/a><\/li>\n<li><b data-stringify-type=\"bold\">Owenwood Farm &amp; Neighbor Space<\/b>\u00a0&#8211;\u00a0<a class=\"c-link\" href=\"https:\/\/maps.app.goo.gl\/oSXZwx5uv4EMym5H7\" target=\"_blank\" rel=\"noopener noreferrer\" data-stringify-link=\"https:\/\/maps.app.goo.gl\/oSXZwx5uv4EMym5H7\" data-sk=\"tooltip_parent\">1451 John West Rd, Dallas, TX 75228<\/a><\/li>\n<\/ul>\n<p><strong>Register Here\/Registrate Ahora:<\/strong> <a href=\"https:\/\/ptnational.my.site.com\/allRegistration\/s\/\">click here!<\/a><\/p>\n<p>Our Afterschool Program includes:<\/p>\n<ul>\n<li>Social Emotional Learning<\/li>\n<li>Homework Help<\/li>\n<li>Reading<\/li>\n<li>Optional Bible Time<\/li>\n<li>Snacks<\/li>\n<li>Creative Crafts<\/li>\n<li>Fun &amp; Game<\/li>\n<\/ul>\n<p>Nuestro Programa Incluye:<\/p>\n<ul>\n<li>Aprendimiento de Social y Emocional<\/li>\n<li>Ayuda de Tarea<\/li>\n<li>Lectura<\/li>\n<li>Tiempo Biblico (Opcional)<\/li>\n<li>Snack<\/li>\n<li>Arte Creativo<\/li>\n<li>Juegos y Divercion<\/li>\n<\/ul>\n","protected":false},"excerpt":{"rendered":"<p>AFTERSCHOOL PROGRAM 2025-2026 Project Transformation North Texas\u2019 Afterschool Program will take place from September 9- April 30! Program is Monday-Thursday and runs from 3:30 p.m. &#8211; 6:00 p.m. This year we will be at 3 locations across Dallas. \u00a1El programa despu\u00e9s de escuela de Project Transformation North Texas ser\u00e1 el 9 de septiembre al 30 [&hellip;]<\/p>\n","protected":false},"author":5,"featured_media":0,"parent":0,"menu_order":0,"comment_status":"closed","ping_status":"closed","template":"","meta":{"footnotes":""},"acf":[],"_links":{"self":[{"href":"https:\/\/projecttransformation.org\/north-texas\/wp-json\/wp\/v2\/pages\/6377"}],"collection":[{"href":"https:\/\/projecttransformation.org\/north-texas\/wp-json\/wp\/v2\/pages"}],"about":[{"href":"https:\/\/projecttransformation.org\/north-texas\/wp-json\/wp\/v2\/types\/page"}],"author":[{"embeddable":true,"href":"https:\/\/projecttransformation.org\/north-texas\/wp-json\/wp\/v2\/users\/5"}],"replies":[{"embeddable":true,"href":"https:\/\/projecttransformation.org\/north-texas\/wp-json\/wp\/v2\/comments?post=6377"}],"version-history":[{"count":12,"href":"https:\/\/projecttransformation.org\/north-texas\/wp-json\/wp\/v2\/pages\/6377\/revisions"}],"predecessor-version":[{"id":6515,"href":"https:\/\/projecttransformation.org\/north-texas\/wp-json\/wp\/v2\/pages\/6377\/revisions\/6515"}],"wp:attachment":[{"href":"https:\/\/projecttransformation.org\/north-texas\/wp-json\/wp\/v2\/media?parent=6377"}],"curies":[{"name":"wp","href":"https:\/\/api.w.org\/{rel}","templated":true}]}}